{"id":2127,"date":"2020-07-15T09:00:13","date_gmt":"2020-07-15T09:00:13","guid":{"rendered":"https:\/\/hotel-schafbrau.de\/?page_id=2127"},"modified":"2025-12-22T20:34:18","modified_gmt":"2025-12-22T20:34:18","slug":"ammersee","status":"publish","type":"page","link":"https:\/\/www.hotel-schafbrau.de\/en\/landsberg-und-umgebung\/ammersee\/","title":{"rendered":"The Ammersee"},"content":{"rendered":"<div data-elementor-type=\"wp-page\" data-elementor-id=\"2127\" class=\"elementor elementor-2127\" data-elementor-settings=\"[]\">\n\t\t\t\t\t\t<div class=\"elementor-inner\">\n\t\t\t\t\t\t\t<div class=\"elementor-section-wrap\">\n\t\t\t\t\t\t\t<section class=\"elementor-section elementor-top-section elementor-element elementor-element-60654c9 elementor-section-stretched elementor-section-full_width elementor-section-height-min-height elementor-section-height-default elementor-section-items-middle\" data-id=\"60654c9\" data-element_type=\"section\" data-settings=\"{&quot;stretch_section&quot;:&quot;section-stretched&quot;,&quot;background_background&quot;:&quot;classic&quot;}\">\n\t\t\t\t\t\t<div class=\"elementor-container elementor-column-gap-default\">\n\t\t\t\t\t\t\t<div class=\"elementor-row\">\n\t\t\t\t\t<div class=\"elementor-column elementor-col-16 elementor-top-column elementor-element elementor-element-f618b86 elementor-hidden-phone\" data-id=\"f618b86\" data-element_type=\"column\">\n\t\t\t<div class=\"elementor-column-wrap\">\n\t\t\t\t\t\t\t<div class=\"elementor-widget-wrap\">\n\t\t\t\t\t\t\t\t<\/div>\n\t\t\t\t\t<\/div>\n\t\t<\/div>\n\t\t\t\t<div class=\"elementor-column elementor-col-66 elementor-top-column elementor-element elementor-element-276c956\" data-id=\"276c956\" data-element_type=\"column\">\n\t\t\t<div class=\"elementor-column-wrap elementor-element-populated\">\n\t\t\t\t\t\t\t<div class=\"elementor-widget-wrap\">\n\t\t\t\t\t\t<div class=\"elementor-element elementor-element-47922be elementor-widget elementor-widget-heading\" data-id=\"47922be\" data-element_type=\"widget\" data-widget_type=\"heading.default\">\n\t\t\t\t<div class=\"elementor-widget-container\">\n\t\t\t<h1 class=\"elementor-heading-title elementor-size-default\">The Ammersee<\/h1>\t\t<\/div>\n\t\t\t\t<\/div>\n\t\t\t\t\t\t<\/div>\n\t\t\t\t\t<\/div>\n\t\t<\/div>\n\t\t\t\t<div class=\"elementor-column elementor-col-16 elementor-top-column elementor-element elementor-element-e5cbe46 elementor-hidden-phone\" data-id=\"e5cbe46\" data-element_type=\"column\">\n\t\t\t<div class=\"elementor-column-wrap\">\n\t\t\t\t\t\t\t<div class=\"elementor-widget-wrap\">\n\t\t\t\t\t\t\t\t<\/div>\n\t\t\t\t\t<\/div>\n\t\t<\/div>\n\t\t\t\t\t\t\t\t<\/div>\n\t\t\t\t\t<\/div>\n\t\t<\/section>\n\t\t\t\t<section class=\"elementor-section elementor-top-section elementor-element elementor-element-d3b27f9 elementor-section-boxed elementor-section-height-default elementor-section-height-default\" data-id=\"d3b27f9\" data-element_type=\"section\">\n\t\t\t\t\t\t<div class=\"elementor-container elementor-column-gap-default\">\n\t\t\t\t\t\t\t<div class=\"elementor-row\">\n\t\t\t\t\t<div class=\"elementor-column elementor-col-100 elementor-top-column elementor-element elementor-element-e255f61\" data-id=\"e255f61\" data-element_type=\"column\">\n\t\t\t<div class=\"elementor-column-wrap elementor-element-populated\">\n\t\t\t\t\t\t\t<div class=\"elementor-widget-wrap\">\n\t\t\t\t\t\t<div class=\"elementor-element elementor-element-8e2e609 elementor-widget elementor-widget-spacer\" data-id=\"8e2e609\" data-element_type=\"widget\" data-widget_type=\"spacer.default\">\n\t\t\t\t<div class=\"elementor-widget-container\">\n\t\t\t\t\t<div class=\"elementor-spacer\">\n\t\t\t<div class=\"elementor-spacer-inner\"><\/div>\n\t\t<\/div>\n\t\t\t\t<\/div>\n\t\t\t\t<\/div>\n\t\t\t\t\t\t<\/div>\n\t\t\t\t\t<\/div>\n\t\t<\/div>\n\t\t\t\t\t\t\t\t<\/div>\n\t\t\t\t\t<\/div>\n\t\t<\/section>\n\t\t\t\t<section class=\"elementor-section elementor-top-section elementor-element elementor-element-d1b5500 elementor-section-boxed elementor-section-height-default elementor-section-height-default\" data-id=\"d1b5500\" data-element_type=\"section\">\n\t\t\t\t\t\t<div class=\"elementor-container elementor-column-gap-default\">\n\t\t\t\t\t\t\t<div class=\"elementor-row\">\n\t\t\t\t\t<div class=\"elementor-column elementor-col-50 elementor-top-column elementor-element elementor-element-d8b330c\" data-id=\"d8b330c\" data-element_type=\"column\">\n\t\t\t<div class=\"elementor-column-wrap elementor-element-populated\">\n\t\t\t\t\t\t\t<div class=\"elementor-widget-wrap\">\n\t\t\t\t\t\t<div class=\"elementor-element elementor-element-28a2f9a elementor-widget elementor-widget-text-editor\" data-id=\"28a2f9a\" data-element_type=\"widget\" data-widget_type=\"text-editor.default\">\n\t\t\t\t<div class=\"elementor-widget-container\">\n\t\t\t\t\t<div class=\"elementor-text-editor elementor-clearfix\"><p>Lake Ammersee in Upper Bavaria is the third largest lake in Bavaria after Lake Chiemsee and Lake Starnberg. With its excellent location about 50 km south of Augsburg and Munich, it is a popular local recreational destination. Holidaymakers appreciate the wide range of sporting and cultural activities, as well as the beautiful nature of the Bavarian foothills of the Alps.<\/p><\/div>\n\t\t\t\t<\/div>\n\t\t\t\t<\/div>\n\t\t\t\t<div class=\"elementor-element elementor-element-86db260 elementor-widget elementor-widget-spacer\" data-id=\"86db260\" data-element_type=\"widget\" data-widget_type=\"spacer.default\">\n\t\t\t\t<div class=\"elementor-widget-container\">\n\t\t\t\t\t<div class=\"elementor-spacer\">\n\t\t\t<div class=\"elementor-spacer-inner\"><\/div>\n\t\t<\/div>\n\t\t\t\t<\/div>\n\t\t\t\t<\/div>\n\t\t\t\t<div class=\"elementor-element elementor-element-4a6cfeb elementor-widget elementor-widget-heading\" data-id=\"4a6cfeb\" data-element_type=\"widget\" data-widget_type=\"heading.default\">\n\t\t\t\t<div class=\"elementor-widget-container\">\n\t\t\t<h2 class=\"elementor-heading-title elementor-size-default\">Ammersee a Natural Paradise<\/h2>\t\t<\/div>\n\t\t\t\t<\/div>\n\t\t\t\t<div class=\"elementor-element elementor-element-d3ff893 elementor-widget elementor-widget-text-editor\" data-id=\"d3ff893\" data-element_type=\"widget\" data-widget_type=\"text-editor.default\">\n\t\t\t\t<div class=\"elementor-widget-container\">\n\t\t\t\t\t<div class=\"elementor-text-editor elementor-clearfix\"><p>Three nature reserves make the Ammersee one of the seven most important wetlands in Bavaria, which is also of international importance. The \"Seeholz\" nature reserve in the west of the lake is the home of a very old deciduous forest with oaks, some of them are over 350 years old.\nWhoever wanders through nature with attentive eyes can also spot rare birds in the north of the Ammersee. About 200 different bird species are native to the \"Ampermoos\" nature reserve.<\/p><\/div>\n\t\t\t\t<\/div>\n\t\t\t\t<\/div>\n\t\t\t\t<div class=\"elementor-element elementor-element-33dd1d3 elementor-widget elementor-widget-spacer\" data-id=\"33dd1d3\" data-element_type=\"widget\" data-widget_type=\"spacer.default\">\n\t\t\t\t<div class=\"elementor-widget-container\">\n\t\t\t\t\t<div class=\"elementor-spacer\">\n\t\t\t<div class=\"elementor-spacer-inner\"><\/div>\n\t\t<\/div>\n\t\t\t\t<\/div>\n\t\t\t\t<\/div>\n\t\t\t\t<div class=\"elementor-element elementor-element-c82668a elementor-widget elementor-widget-heading\" data-id=\"c82668a\" data-element_type=\"widget\" data-widget_type=\"heading.default\">\n\t\t\t\t<div class=\"elementor-widget-container\">\n\t\t\t<h2 class=\"elementor-heading-title elementor-size-default\">Oasis for vacationers and locals<\/h2>\t\t<\/div>\n\t\t\t\t<\/div>\n\t\t\t\t<div class=\"elementor-element elementor-element-c1754d1 elementor-widget elementor-widget-text-editor\" data-id=\"c1754d1\" data-element_type=\"widget\" data-widget_type=\"text-editor.default\">\n\t\t\t\t<div class=\"elementor-widget-container\">\n\t\t\t\t\t<div class=\"elementor-text-editor elementor-clearfix\"><p>In the past, artists from the nearby big cities came to the lake and were inspired by the impressive landscape. Today, Lake Ammersee is a popular vacation destination for families, individualists and anyone who longs for peace and quiet in nature, in addition to a rich sporting and <a href=\"https:\/\/www.ammersee-lech.de\/besuchen\/kunst-kultur\/\">cultural offering<\/a> . Since the lake is a popular recreation area for people from Munich and Augsburg, it is worthwhile to avoid the car when traveling here and instead arrive comfortably with the \u201cAmmerseebahn\u201d from Augsburg or the \u201cS-Bahn\u201d from Munich<\/p><div data-id=\"82b3b3c\" data-element_type=\"widget\" data-widget_type=\"text-editor.default\"><div><div><p>For more information about the Ammersee, visit the website of <a href=\"https:\/\/www.ammersee-lech.de\/\">the Ammersee-Lech Tourism Association<\/a>.<\/p><\/div><\/div><\/div><\/div>\n\t\t\t\t<\/div>\n\t\t\t\t<\/div>\n\t\t\t\t\t\t<\/div>\n\t\t\t\t\t<\/div>\n\t\t<\/div>\n\t\t\t\t<div class=\"elementor-column elementor-col-50 elementor-top-column elementor-element elementor-element-d2f72b2\" data-id=\"d2f72b2\" data-element_type=\"column\">\n\t\t\t<div class=\"elementor-column-wrap elementor-element-populated\">\n\t\t\t\t\t\t\t<div class=\"elementor-widget-wrap\">\n\t\t\t\t\t\t<div class=\"elementor-element elementor-element-ed3962a elementor-widget elementor-widget-heading\" data-id=\"ed3962a\" data-element_type=\"widget\" data-widget_type=\"heading.default\">\n\t\t\t\t<div class=\"elementor-widget-container\">\n\t\t\t<h3 class=\"elementor-heading-title elementor-size-default\">Ammersee data<\/h3>\t\t<\/div>\n\t\t\t\t<\/div>\n\t\t\t\t<div class=\"elementor-element elementor-element-8198f16 elementor-widget elementor-widget-text-editor\" data-id=\"8198f16\" data-element_type=\"widget\" data-widget_type=\"text-editor.default\">\n\t\t\t\t<div class=\"elementor-widget-container\">\n\t\t\t\t\t<div class=\"elementor-text-editor elementor-clearfix\"><table class=\"amersee-table\">\n<tbody>\n<tr>\n<td>Height above the sea level<\/td>\n<td>532,9 m<\/td>\n<\/tr>\n<tr>\n<td>Size of the area<\/td>\n<td>46,6 km\u00b2<\/td>\n<\/tr>\n<tr>\n<td>Length<\/td>\n<td>15,175 km<\/td>\n<\/tr>\n<tr>\n<td>Width<\/td>\n<td>5,35 km<\/td>\n<\/tr>\n<tr>\n<td>Volume<\/td>\n<td>1,750.01 million m\u00b3<\/td>\n<\/tr>\n<tr>\n<td>Circumference<\/td>\n<td>43 km<\/td>\n<\/tr>\n<tr>\n<td>Maximum depth<\/td>\n<td>81,1 m<\/td>\n<\/tr>\n<tr>\n<td>Average depth<\/td>\n<td>37,5 m<\/td>\n<\/tr>\n<\/tbody>\n<\/table><\/div>\n\t\t\t\t<\/div>\n\t\t\t\t<\/div>\n\t\t\t\t\t\t<\/div>\n\t\t\t\t\t<\/div>\n\t\t<\/div>\n\t\t\t\t\t\t\t\t<\/div>\n\t\t\t\t\t<\/div>\n\t\t<\/section>\n\t\t\t\t<section class=\"elementor-section elementor-top-section elementor-element elementor-element-498a743 elementor-section-boxed elementor-section-height-default elementor-section-height-default\" data-id=\"498a743\" data-element_type=\"section\">\n\t\t\t\t\t\t<div class=\"elementor-container elementor-column-gap-default\">\n\t\t\t\t\t\t\t<div class=\"elementor-row\">\n\t\t\t\t\t<div class=\"elementor-column elementor-col-100 elementor-top-column elementor-element elementor-element-7bab75d\" data-id=\"7bab75d\" data-element_type=\"column\">\n\t\t\t<div class=\"elementor-column-wrap elementor-element-populated\">\n\t\t\t\t\t\t\t<div class=\"elementor-widget-wrap\">\n\t\t\t\t\t\t<div class=\"elementor-element elementor-element-102a1f3 elementor-widget elementor-widget-spacer\" data-id=\"102a1f3\" data-element_type=\"widget\" data-widget_type=\"spacer.default\">\n\t\t\t\t<div class=\"elementor-widget-container\">\n\t\t\t\t\t<div class=\"elementor-spacer\">\n\t\t\t<div class=\"elementor-spacer-inner\"><\/div>\n\t\t<\/div>\n\t\t\t\t<\/div>\n\t\t\t\t<\/div>\n\t\t\t\t<div class=\"elementor-element elementor-element-88a5db2 elementor-widget elementor-widget-image-gallery\" data-id=\"88a5db2\" data-element_type=\"widget\" data-widget_type=\"image-gallery.default\">\n\t\t\t\t<div class=\"elementor-widget-container\">\n\t\t\t\t\t<div class=\"elementor-image-gallery\">\n\t\t\t<div id='gallery-1' class='gallery galleryid-2127 gallery-columns-3 gallery-size-full'><figure class='gallery-item'>\n\t\t\t<div class='gallery-icon landscape'>\n\t\t\t\t<a data-elementor-open-lightbox=\"yes\" data-elementor-lightbox-slideshow=\"88a5db2\" data-elementor-lightbox-title=\"Diessen_Klinger (68) - Kopie (Small)\" href='https:\/\/www.hotel-schafbrau.de\/wp-content\/uploads\/2020\/10\/Diessen_Klinger-68-Kopie-Small.jpg'><img width=\"720\" height=\"480\" src=\"https:\/\/www.hotel-schafbrau.de\/wp-content\/uploads\/2020\/10\/Diessen_Klinger-68-Kopie-Small.jpg\" class=\"attachment-full size-full\" alt=\"\" loading=\"lazy\" srcset=\"https:\/\/www.hotel-schafbrau.de\/wp-content\/uploads\/2020\/10\/Diessen_Klinger-68-Kopie-Small.jpg 720w, https:\/\/www.hotel-schafbrau.de\/wp-content\/uploads\/2020\/10\/Diessen_Klinger-68-Kopie-Small-300x200.jpg 300w\" sizes=\"(max-width: 720px) 100vw, 720px\" \/><\/a>\n\t\t\t<\/div><\/figure><figure class='gallery-item'>\n\t\t\t<div class='gallery-icon landscape'>\n\t\t\t\t<a data-elementor-open-lightbox=\"yes\" data-elementor-lightbox-slideshow=\"88a5db2\" data-elementor-lightbox-title=\"Diessen T\u00f6pfermarkt1_Klinger (2) - Kopie (Small)\" href='https:\/\/www.hotel-schafbrau.de\/wp-content\/uploads\/2020\/10\/Diessen-T\u00f6pfermarkt1_Klinger-2-Kopie-Small.jpg'><img width=\"720\" height=\"480\" src=\"https:\/\/www.hotel-schafbrau.de\/wp-content\/uploads\/2020\/10\/Diessen-T\u00f6pfermarkt1_Klinger-2-Kopie-Small.jpg\" class=\"attachment-full size-full\" alt=\"\" loading=\"lazy\" srcset=\"https:\/\/www.hotel-schafbrau.de\/wp-content\/uploads\/2020\/10\/Diessen-T\u00f6pfermarkt1_Klinger-2-Kopie-Small.jpg 720w, https:\/\/www.hotel-schafbrau.de\/wp-content\/uploads\/2020\/10\/Diessen-T\u00f6pfermarkt1_Klinger-2-Kopie-Small-300x200.jpg 300w\" sizes=\"(max-width: 720px) 100vw, 720px\" \/><\/a>\n\t\t\t<\/div><\/figure><figure class='gallery-item'>\n\t\t\t<div class='gallery-icon landscape'>\n\t\t\t\t<a data-elementor-open-lightbox=\"yes\" data-elementor-lightbox-slideshow=\"88a5db2\" data-elementor-lightbox-title=\"csm_besuchen-fluesse-seen-und-natur_ammersee-kb_eeb15b15e3 (Small) (1)\" href='https:\/\/www.hotel-schafbrau.de\/wp-content\/uploads\/2020\/10\/csm_besuchen-fluesse-seen-und-natur_ammersee-kb_eeb15b15e3-Small-1.jpg'><img width=\"720\" height=\"480\" src=\"https:\/\/www.hotel-schafbrau.de\/wp-content\/uploads\/2020\/10\/csm_besuchen-fluesse-seen-und-natur_ammersee-kb_eeb15b15e3-Small-1.jpg\" class=\"attachment-full size-full\" alt=\"\" loading=\"lazy\" srcset=\"https:\/\/www.hotel-schafbrau.de\/wp-content\/uploads\/2020\/10\/csm_besuchen-fluesse-seen-und-natur_ammersee-kb_eeb15b15e3-Small-1.jpg 720w, https:\/\/www.hotel-schafbrau.de\/wp-content\/uploads\/2020\/10\/csm_besuchen-fluesse-seen-und-natur_ammersee-kb_eeb15b15e3-Small-1-300x200.jpg 300w\" sizes=\"(max-width: 720px) 100vw, 720px\" \/><\/a>\n\t\t\t<\/div><\/figure>\n\t\t<\/div>\n\t\t<\/div>\n\t\t\t\t<\/div>\n\t\t\t\t<\/div>\n\t\t\t\t\t\t<\/div>\n\t\t\t\t\t<\/div>\n\t\t<\/div>\n\t\t\t\t\t\t\t\t<\/div>\n\t\t\t\t\t<\/div>\n\t\t<\/section>\n\t\t\t\t\t\t<\/div>\n\t\t\t\t\t\t<\/div>\n\t\t\t\t\t<\/div>","protected":false},"excerpt":{"rendered":"<p>Der Ammersee Der Ammersee in Oberbayern ist der drittgr\u00f6\u00dfte See Bayerns nach dem Chiemsee und dem Starnberger See. Mit seiner hervorragenden Lage ca. 50 km s\u00fcdlich von Augsburg und M\u00fcnchen ist er ein beliebtes Naherholungsziel. Urlauber sch\u00e4tzen das vielf\u00e4ltige Angebot an sportlichen und kulturellen Aktivit\u00e4ten, sowie die wundersch\u00f6ne Natur des bayrischen Voralpenlandes. Naturparadies Ammersee Drei [&hellip;]<\/p>","protected":false},"author":1,"featured_media":0,"parent":1881,"menu_order":1,"comment_status":"closed","ping_status":"closed","template":"","meta":{"spay_email":""},"yoast_head":"<!-- This site is optimized with the Yoast SEO plugin v15.1.1 - https:\/\/yoast.com\/wordpress\/plugins\/seo\/ -->\n<title>Der Ammersee - Schafbrau Hotel and Restaurant<\/title>\n<meta name=\"robots\" content=\"index, follow, max-snippet:-1, max-image-preview:large, max-video-preview:-1\" \/>\n<link rel=\"canonical\" href=\"https:\/\/www.hotel-schafbrau.de\/en\/landsberg-und-umgebung\/ammersee\/\" \/>\n<meta property=\"og:locale\" content=\"en_GB\" \/>\n<meta property=\"og:type\" content=\"article\" \/>\n<meta property=\"og:title\" content=\"Der Ammersee - Schafbrau Hotel and Restaurant\" \/>\n<meta property=\"og:description\" content=\"Der Ammersee Der Ammersee in Oberbayern ist der drittgr\u00f6\u00dfte See Bayerns nach dem Chiemsee und dem Starnberger See. Mit seiner hervorragenden Lage ca. 50 km s\u00fcdlich von Augsburg und M\u00fcnchen ist er ein beliebtes Naherholungsziel. Urlauber sch\u00e4tzen das vielf\u00e4ltige Angebot an sportlichen und kulturellen Aktivit\u00e4ten, sowie die wundersch\u00f6ne Natur des bayrischen Voralpenlandes. Naturparadies Ammersee Drei [&hellip;]\" \/>\n<meta property=\"og:url\" content=\"https:\/\/www.hotel-schafbrau.de\/en\/landsberg-und-umgebung\/ammersee\/\" \/>\n<meta property=\"og:site_name\" content=\"Schafbrau Hotel and Restaurant\" \/>\n<meta property=\"article:modified_time\" content=\"2025-12-22T20:34:18+00:00\" \/>\n<meta property=\"og:image\" content=\"https:\/\/www.hotel-schafbrau.de\/wp-content\/uploads\/2020\/10\/Diessen_Klinger-68-Kopie-Small.jpg\" \/>\n<meta name=\"twitter:card\" content=\"summary_large_image\" \/>\n<script type=\"application\/ld+json\" class=\"yoast-schema-graph\">{\"@context\":\"https:\/\/schema.org\",\"@graph\":[{\"@type\":\"Organization\",\"@id\":\"https:\/\/www.hotel-schafbrau.de\/en\/#organization\",\"name\":\"Hotel Schafbr\\u00e4u\",\"url\":\"https:\/\/www.hotel-schafbrau.de\/en\/\",\"sameAs\":[],\"logo\":{\"@type\":\"ImageObject\",\"@id\":\"https:\/\/www.hotel-schafbrau.de\/en\/#logo\",\"inLanguage\":\"en-GB\",\"url\":\"https:\/\/www.hotel-schafbrau.de\/wp-content\/uploads\/2020\/06\/blck-Custom-2.png\",\"width\":220,\"height\":176,\"caption\":\"Hotel Schafbr\\u00e4u\"},\"image\":{\"@id\":\"https:\/\/www.hotel-schafbrau.de\/en\/#logo\"}},{\"@type\":\"WebSite\",\"@id\":\"https:\/\/www.hotel-schafbrau.de\/en\/#website\",\"url\":\"https:\/\/www.hotel-schafbrau.de\/en\/\",\"name\":\"Schafbrau Hotel and Restaurant\",\"description\":\"\",\"publisher\":{\"@id\":\"https:\/\/www.hotel-schafbrau.de\/en\/#organization\"},\"potentialAction\":[{\"@type\":\"SearchAction\",\"target\":\"https:\/\/www.hotel-schafbrau.de\/en\/?s={search_term_string}\",\"query-input\":\"required name=search_term_string\"}],\"inLanguage\":\"en-GB\"},{\"@type\":\"ImageObject\",\"@id\":\"https:\/\/www.hotel-schafbrau.de\/landsberg-und-umgebung\/ammersee\/#primaryimage\",\"inLanguage\":\"en-GB\",\"url\":\"https:\/\/www.hotel-schafbrau.de\/wp-content\/uploads\/2020\/10\/Diessen_Klinger-68-Kopie-Small.jpg\",\"width\":720,\"height\":480},{\"@type\":\"WebPage\",\"@id\":\"https:\/\/www.hotel-schafbrau.de\/landsberg-und-umgebung\/ammersee\/#webpage\",\"url\":\"https:\/\/www.hotel-schafbrau.de\/landsberg-und-umgebung\/ammersee\/\",\"name\":\"Der Ammersee - Schafbrau Hotel and Restaurant\",\"isPartOf\":{\"@id\":\"https:\/\/www.hotel-schafbrau.de\/en\/#website\"},\"primaryImageOfPage\":{\"@id\":\"https:\/\/www.hotel-schafbrau.de\/landsberg-und-umgebung\/ammersee\/#primaryimage\"},\"datePublished\":\"2020-07-15T09:00:13+00:00\",\"dateModified\":\"2025-12-22T20:34:18+00:00\",\"inLanguage\":\"en-GB\",\"potentialAction\":[{\"@type\":\"ReadAction\",\"target\":[\"https:\/\/www.hotel-schafbrau.de\/landsberg-und-umgebung\/ammersee\/\"]}]}]}<\/script>\n<!-- \/ Yoast SEO plugin. -->","_links":{"self":[{"href":"https:\/\/www.hotel-schafbrau.de\/en\/wp-json\/wp\/v2\/pages\/2127"}],"collection":[{"href":"https:\/\/www.hotel-schafbrau.de\/en\/wp-json\/wp\/v2\/pages"}],"about":[{"href":"https:\/\/www.hotel-schafbrau.de\/en\/wp-json\/wp\/v2\/types\/page"}],"author":[{"embeddable":true,"href":"https:\/\/www.hotel-schafbrau.de\/en\/wp-json\/wp\/v2\/users\/1"}],"replies":[{"embeddable":true,"href":"https:\/\/www.hotel-schafbrau.de\/en\/wp-json\/wp\/v2\/comments?post=2127"}],"version-history":[{"count":15,"href":"https:\/\/www.hotel-schafbrau.de\/en\/wp-json\/wp\/v2\/pages\/2127\/revisions"}],"predecessor-version":[{"id":2506,"href":"https:\/\/www.hotel-schafbrau.de\/en\/wp-json\/wp\/v2\/pages\/2127\/revisions\/2506"}],"up":[{"embeddable":true,"href":"https:\/\/www.hotel-schafbrau.de\/en\/wp-json\/wp\/v2\/pages\/1881"}],"wp:attachment":[{"href":"https:\/\/www.hotel-schafbrau.de\/en\/wp-json\/wp\/v2\/media?parent=2127"}],"curies":[{"name":"wp","href":"https:\/\/api.w.org\/{rel}","templated":true}]}}