{"id":2129,"date":"2020-07-15T09:00:29","date_gmt":"2020-07-15T09:00:29","guid":{"rendered":"https:\/\/hotel-schafbrau.de\/?page_id=2129"},"modified":"2025-12-22T20:33:52","modified_gmt":"2025-12-22T20:33:52","slug":"der-lech","status":"publish","type":"page","link":"https:\/\/www.hotel-schafbrau.de\/en\/landsberg-und-umgebung\/der-lech\/","title":{"rendered":"The Lech"},"content":{"rendered":"<div data-elementor-type=\"wp-page\" data-elementor-id=\"2129\" class=\"elementor elementor-2129\" data-elementor-settings=\"[]\">\n\t\t\t\t\t\t<div class=\"elementor-inner\">\n\t\t\t\t\t\t\t<div class=\"elementor-section-wrap\">\n\t\t\t\t\t\t\t<section class=\"elementor-section elementor-top-section elementor-element elementor-element-a7cdefe elementor-section-stretched elementor-section-full_width elementor-section-height-min-height elementor-section-height-default elementor-section-items-middle\" data-id=\"a7cdefe\" data-element_type=\"section\" data-settings=\"{&quot;stretch_section&quot;:&quot;section-stretched&quot;,&quot;background_background&quot;:&quot;classic&quot;}\">\n\t\t\t\t\t\t<div class=\"elementor-container elementor-column-gap-default\">\n\t\t\t\t\t\t\t<div class=\"elementor-row\">\n\t\t\t\t\t<div class=\"elementor-column elementor-col-16 elementor-top-column elementor-element elementor-element-ce857cb elementor-hidden-phone\" data-id=\"ce857cb\" data-element_type=\"column\">\n\t\t\t<div class=\"elementor-column-wrap\">\n\t\t\t\t\t\t\t<div class=\"elementor-widget-wrap\">\n\t\t\t\t\t\t\t\t<\/div>\n\t\t\t\t\t<\/div>\n\t\t<\/div>\n\t\t\t\t<div class=\"elementor-column elementor-col-66 elementor-top-column elementor-element elementor-element-ad2b378\" data-id=\"ad2b378\" data-element_type=\"column\">\n\t\t\t<div class=\"elementor-column-wrap elementor-element-populated\">\n\t\t\t\t\t\t\t<div class=\"elementor-widget-wrap\">\n\t\t\t\t\t\t<div class=\"elementor-element elementor-element-85ad31a elementor-widget elementor-widget-heading\" data-id=\"85ad31a\" data-element_type=\"widget\" data-widget_type=\"heading.default\">\n\t\t\t\t<div class=\"elementor-widget-container\">\n\t\t\t<h1 class=\"elementor-heading-title elementor-size-default\">The Lech<\/h1>\t\t<\/div>\n\t\t\t\t<\/div>\n\t\t\t\t\t\t<\/div>\n\t\t\t\t\t<\/div>\n\t\t<\/div>\n\t\t\t\t<div class=\"elementor-column elementor-col-16 elementor-top-column elementor-element elementor-element-ac80319 elementor-hidden-phone\" data-id=\"ac80319\" data-element_type=\"column\">\n\t\t\t<div class=\"elementor-column-wrap\">\n\t\t\t\t\t\t\t<div class=\"elementor-widget-wrap\">\n\t\t\t\t\t\t\t\t<\/div>\n\t\t\t\t\t<\/div>\n\t\t<\/div>\n\t\t\t\t\t\t\t\t<\/div>\n\t\t\t\t\t<\/div>\n\t\t<\/section>\n\t\t\t\t<section class=\"elementor-section elementor-top-section elementor-element elementor-element-a831e07 elementor-section-boxed elementor-section-height-default elementor-section-height-default\" data-id=\"a831e07\" data-element_type=\"section\">\n\t\t\t\t\t\t<div class=\"elementor-container elementor-column-gap-default\">\n\t\t\t\t\t\t\t<div class=\"elementor-row\">\n\t\t\t\t\t<div class=\"elementor-column elementor-col-100 elementor-top-column elementor-element elementor-element-2245a29\" data-id=\"2245a29\" data-element_type=\"column\">\n\t\t\t<div class=\"elementor-column-wrap elementor-element-populated\">\n\t\t\t\t\t\t\t<div class=\"elementor-widget-wrap\">\n\t\t\t\t\t\t<div class=\"elementor-element elementor-element-5e6cc99 elementor-widget elementor-widget-spacer\" data-id=\"5e6cc99\" data-element_type=\"widget\" data-widget_type=\"spacer.default\">\n\t\t\t\t<div class=\"elementor-widget-container\">\n\t\t\t\t\t<div class=\"elementor-spacer\">\n\t\t\t<div class=\"elementor-spacer-inner\"><\/div>\n\t\t<\/div>\n\t\t\t\t<\/div>\n\t\t\t\t<\/div>\n\t\t\t\t\t\t<\/div>\n\t\t\t\t\t<\/div>\n\t\t<\/div>\n\t\t\t\t\t\t\t\t<\/div>\n\t\t\t\t\t<\/div>\n\t\t<\/section>\n\t\t\t\t<section class=\"elementor-section elementor-top-section elementor-element elementor-element-20c045b elementor-section-boxed elementor-section-height-default elementor-section-height-default\" data-id=\"20c045b\" data-element_type=\"section\">\n\t\t\t\t\t\t<div class=\"elementor-container elementor-column-gap-default\">\n\t\t\t\t\t\t\t<div class=\"elementor-row\">\n\t\t\t\t\t<div class=\"elementor-column elementor-col-100 elementor-top-column elementor-element elementor-element-6a1151f\" data-id=\"6a1151f\" data-element_type=\"column\">\n\t\t\t<div class=\"elementor-column-wrap elementor-element-populated\">\n\t\t\t\t\t\t\t<div class=\"elementor-widget-wrap\">\n\t\t\t\t\t\t<div class=\"elementor-element elementor-element-736532a elementor-widget elementor-widget-text-editor\" data-id=\"736532a\" data-element_type=\"widget\" data-widget_type=\"text-editor.default\">\n\t\t\t\t<div class=\"elementor-widget-container\">\n\t\t\t\t\t<div class=\"elementor-text-editor elementor-clearfix\"><p>The 264 km long river rises in Vorarlberg, flows through the Lech Valley in Tyrol and then past the Bavarian towns of F\u00fcssen, Schongau, Augsburg and Landsberg until it flows into the Danube at Rain.<\/p><\/div>\n\t\t\t\t<\/div>\n\t\t\t\t<\/div>\n\t\t\t\t\t\t<\/div>\n\t\t\t\t\t<\/div>\n\t\t<\/div>\n\t\t\t\t\t\t\t\t<\/div>\n\t\t\t\t\t<\/div>\n\t\t<\/section>\n\t\t\t\t<section class=\"elementor-section elementor-top-section elementor-element elementor-element-b5a213b elementor-section-boxed elementor-section-height-default elementor-section-height-default\" data-id=\"b5a213b\" data-element_type=\"section\">\n\t\t\t\t\t\t<div class=\"elementor-container elementor-column-gap-default\">\n\t\t\t\t\t\t\t<div class=\"elementor-row\">\n\t\t\t\t\t<div class=\"elementor-column elementor-col-100 elementor-top-column elementor-element elementor-element-13d70a9\" data-id=\"13d70a9\" data-element_type=\"column\">\n\t\t\t<div class=\"elementor-column-wrap elementor-element-populated\">\n\t\t\t\t\t\t\t<div class=\"elementor-widget-wrap\">\n\t\t\t\t\t\t<div class=\"elementor-element elementor-element-2196608 elementor-widget elementor-widget-spacer\" data-id=\"2196608\" data-element_type=\"widget\" data-widget_type=\"spacer.default\">\n\t\t\t\t<div class=\"elementor-widget-container\">\n\t\t\t\t\t<div class=\"elementor-spacer\">\n\t\t\t<div class=\"elementor-spacer-inner\"><\/div>\n\t\t<\/div>\n\t\t\t\t<\/div>\n\t\t\t\t<\/div>\n\t\t\t\t\t\t<\/div>\n\t\t\t\t\t<\/div>\n\t\t<\/div>\n\t\t\t\t\t\t\t\t<\/div>\n\t\t\t\t\t<\/div>\n\t\t<\/section>\n\t\t\t\t<section class=\"elementor-section elementor-top-section elementor-element elementor-element-8fe4f77 elementor-section-boxed elementor-section-height-default elementor-section-height-default\" data-id=\"8fe4f77\" data-element_type=\"section\">\n\t\t\t\t\t\t<div class=\"elementor-container elementor-column-gap-default\">\n\t\t\t\t\t\t\t<div class=\"elementor-row\">\n\t\t\t\t\t<div class=\"elementor-column elementor-col-100 elementor-top-column elementor-element elementor-element-559afe3\" data-id=\"559afe3\" data-element_type=\"column\">\n\t\t\t<div class=\"elementor-column-wrap elementor-element-populated\">\n\t\t\t\t\t\t\t<div class=\"elementor-widget-wrap\">\n\t\t\t\t\t\t<div class=\"elementor-element elementor-element-5b10279 elementor-widget elementor-widget-heading\" data-id=\"5b10279\" data-element_type=\"widget\" data-widget_type=\"heading.default\">\n\t\t\t\t<div class=\"elementor-widget-container\">\n\t\t\t<h2 class=\"elementor-heading-title elementor-size-default\">The Lech and its significance<\/h2>\t\t<\/div>\n\t\t\t\t<\/div>\n\t\t\t\t<div class=\"elementor-element elementor-element-a02fa8e elementor-widget elementor-widget-text-editor\" data-id=\"a02fa8e\" data-element_type=\"widget\" data-widget_type=\"text-editor.default\">\n\t\t\t\t<div class=\"elementor-widget-container\">\n\t\t\t\t\t<div class=\"elementor-text-editor elementor-clearfix\"><p>The name of the Lech was already coined by the Celts around 8 BC. The name \"Licca\" or \"Lecha\" meant \"the stony one\". If you take a look at the river bed with its characteristic gravel banks, which appear at low water, you can easily understand the name. Incidentally, in addition to stones, gold was also washed out of the river's sediments in the past. However, the river had a much greater economic significance due to its waterpower, which used to drive mills and is now used to generate electricity. In addition, the Lech also served as a natural border between Bavaria and Swabia, a fact that can still be traced today in the dialects of the two regions.<\/p><\/div>\n\t\t\t\t<\/div>\n\t\t\t\t<\/div>\n\t\t\t\t\t\t<\/div>\n\t\t\t\t\t<\/div>\n\t\t<\/div>\n\t\t\t\t\t\t\t\t<\/div>\n\t\t\t\t\t<\/div>\n\t\t<\/section>\n\t\t\t\t<section class=\"elementor-section elementor-top-section elementor-element elementor-element-c011b37 elementor-section-boxed elementor-section-height-default elementor-section-height-default\" data-id=\"c011b37\" data-element_type=\"section\">\n\t\t\t\t\t\t<div class=\"elementor-container elementor-column-gap-default\">\n\t\t\t\t\t\t\t<div class=\"elementor-row\">\n\t\t\t\t\t<div class=\"elementor-column elementor-col-100 elementor-top-column elementor-element elementor-element-cdf5579\" data-id=\"cdf5579\" data-element_type=\"column\">\n\t\t\t<div class=\"elementor-column-wrap elementor-element-populated\">\n\t\t\t\t\t\t\t<div class=\"elementor-widget-wrap\">\n\t\t\t\t\t\t<div class=\"elementor-element elementor-element-f35dbf5 elementor-widget elementor-widget-spacer\" data-id=\"f35dbf5\" data-element_type=\"widget\" data-widget_type=\"spacer.default\">\n\t\t\t\t<div class=\"elementor-widget-container\">\n\t\t\t\t\t<div class=\"elementor-spacer\">\n\t\t\t<div class=\"elementor-spacer-inner\"><\/div>\n\t\t<\/div>\n\t\t\t\t<\/div>\n\t\t\t\t<\/div>\n\t\t\t\t\t\t<\/div>\n\t\t\t\t\t<\/div>\n\t\t<\/div>\n\t\t\t\t\t\t\t\t<\/div>\n\t\t\t\t\t<\/div>\n\t\t<\/section>\n\t\t\t\t<section class=\"elementor-section elementor-top-section elementor-element elementor-element-86577df elementor-section-boxed elementor-section-height-default elementor-section-height-default\" data-id=\"86577df\" data-element_type=\"section\">\n\t\t\t\t\t\t<div class=\"elementor-container elementor-column-gap-default\">\n\t\t\t\t\t\t\t<div class=\"elementor-row\">\n\t\t\t\t\t<div class=\"elementor-column elementor-col-100 elementor-top-column elementor-element elementor-element-6116b6a\" data-id=\"6116b6a\" data-element_type=\"column\">\n\t\t\t<div class=\"elementor-column-wrap elementor-element-populated\">\n\t\t\t\t\t\t\t<div class=\"elementor-widget-wrap\">\n\t\t\t\t\t\t<div class=\"elementor-element elementor-element-46764df elementor-widget elementor-widget-heading\" data-id=\"46764df\" data-element_type=\"widget\" data-widget_type=\"heading.default\">\n\t\t\t\t<div class=\"elementor-widget-container\">\n\t\t\t<h2 class=\"elementor-heading-title elementor-size-default\">Hiking along the Lech<\/h2>\t\t<\/div>\n\t\t\t\t<\/div>\n\t\t\t\t<div class=\"elementor-element elementor-element-cef9792 elementor-widget elementor-widget-text-editor\" data-id=\"cef9792\" data-element_type=\"widget\" data-widget_type=\"text-editor.default\">\n\t\t\t\t<div class=\"elementor-widget-container\">\n\t\t\t\t\t<div class=\"elementor-text-editor elementor-clearfix\">Along the Lech there is a lot to discover for vacationers and locals. For hikers, there is the \"LechErlebnisWeg\", a long-distance hiking trail on which you follow the course of the river from Landsberg to F\u00fcssen. On a distance of about 85 km, the idyllic river landscape alternates with breathtaking mountain panoramas. The Lechpark P\u00f6ssinger Au is an excellent destination for a day trip. Here the route goes upstream past game reserves and Kneipp pools to Pitzling, where the dammed river invites you to swim. The reservoirs in Kaufering and Landsberg are also ideal for swimming.<\/div>\n\t\t\t\t<\/div>\n\t\t\t\t<\/div>\n\t\t\t\t\t\t<\/div>\n\t\t\t\t\t<\/div>\n\t\t<\/div>\n\t\t\t\t\t\t\t\t<\/div>\n\t\t\t\t\t<\/div>\n\t\t<\/section>\n\t\t\t\t<section class=\"elementor-section elementor-top-section elementor-element elementor-element-54c4ecd elementor-section-boxed elementor-section-height-default elementor-section-height-default\" data-id=\"54c4ecd\" data-element_type=\"section\">\n\t\t\t\t\t\t<div class=\"elementor-container elementor-column-gap-default\">\n\t\t\t\t\t\t\t<div class=\"elementor-row\">\n\t\t\t\t\t<div class=\"elementor-column elementor-col-100 elementor-top-column elementor-element elementor-element-cd21238\" data-id=\"cd21238\" data-element_type=\"column\">\n\t\t\t<div class=\"elementor-column-wrap elementor-element-populated\">\n\t\t\t\t\t\t\t<div class=\"elementor-widget-wrap\">\n\t\t\t\t\t\t<div class=\"elementor-element elementor-element-352b936 elementor-widget elementor-widget-spacer\" data-id=\"352b936\" data-element_type=\"widget\" data-widget_type=\"spacer.default\">\n\t\t\t\t<div class=\"elementor-widget-container\">\n\t\t\t\t\t<div class=\"elementor-spacer\">\n\t\t\t<div class=\"elementor-spacer-inner\"><\/div>\n\t\t<\/div>\n\t\t\t\t<\/div>\n\t\t\t\t<\/div>\n\t\t\t\t\t\t<\/div>\n\t\t\t\t\t<\/div>\n\t\t<\/div>\n\t\t\t\t\t\t\t\t<\/div>\n\t\t\t\t\t<\/div>\n\t\t<\/section>\n\t\t\t\t<section class=\"elementor-section elementor-top-section elementor-element elementor-element-c8d4a9f elementor-section-boxed elementor-section-height-default elementor-section-height-default\" data-id=\"c8d4a9f\" data-element_type=\"section\">\n\t\t\t\t\t\t<div class=\"elementor-container elementor-column-gap-default\">\n\t\t\t\t\t\t\t<div class=\"elementor-row\">\n\t\t\t\t\t<div class=\"elementor-column elementor-col-100 elementor-top-column elementor-element elementor-element-de72bf1\" data-id=\"de72bf1\" data-element_type=\"column\">\n\t\t\t<div class=\"elementor-column-wrap elementor-element-populated\">\n\t\t\t\t\t\t\t<div class=\"elementor-widget-wrap\">\n\t\t\t\t\t\t<div class=\"elementor-element elementor-element-fddbc61 elementor-widget elementor-widget-heading\" data-id=\"fddbc61\" data-element_type=\"widget\" data-widget_type=\"heading.default\">\n\t\t\t\t<div class=\"elementor-widget-container\">\n\t\t\t<h2 class=\"elementor-heading-title elementor-size-default\">Historical treasure on the banks of the Lech<\/h2>\t\t<\/div>\n\t\t\t\t<\/div>\n\t\t\t\t<div class=\"elementor-element elementor-element-c40fc4a elementor-widget elementor-widget-text-editor\" data-id=\"c40fc4a\" data-element_type=\"widget\" data-widget_type=\"text-editor.default\">\n\t\t\t\t<div class=\"elementor-widget-container\">\n\t\t\t\t\t<div class=\"elementor-text-editor elementor-clearfix\">The town of Landsberg on the banks of the Lech is well worth a visit. With its numerous historic buildings, lovely shops and boutiques and rich cultural offerings, the town is still an insider's tip. A special feature is the Karolinenwehr near Landsberg's old town. This four-tiered weir was built as early as the 14th century and was extended in the following centuries and used to drive the mills. The Lech is spanned by a wide bridge, which is a wonderful place for pedestrians to stroll along.<\/div>\n\t\t\t\t<\/div>\n\t\t\t\t<\/div>\n\t\t\t\t<div class=\"elementor-element elementor-element-ae1073b elementor-widget elementor-widget-text-editor\" data-id=\"ae1073b\" data-element_type=\"widget\" data-widget_type=\"text-editor.default\">\n\t\t\t\t<div class=\"elementor-widget-container\">\n\t\t\t\t\t<div class=\"elementor-text-editor elementor-clearfix\"><p>For more information about the Ammersee, visit the website of the <a href=\"https:\/\/www.ammersee-lech.de\/\">the Ammersee-Lech Tourism Association<\/a>.<\/p><\/div>\n\t\t\t\t<\/div>\n\t\t\t\t<\/div>\n\t\t\t\t\t\t<\/div>\n\t\t\t\t\t<\/div>\n\t\t<\/div>\n\t\t\t\t\t\t\t\t<\/div>\n\t\t\t\t\t<\/div>\n\t\t<\/section>\n\t\t\t\t<section class=\"elementor-section elementor-top-section elementor-element elementor-element-5c033a7 elementor-section-boxed elementor-section-height-default elementor-section-height-default\" data-id=\"5c033a7\" data-element_type=\"section\">\n\t\t\t\t\t\t<div class=\"elementor-container elementor-column-gap-default\">\n\t\t\t\t\t\t\t<div class=\"elementor-row\">\n\t\t\t\t\t<div class=\"elementor-column elementor-col-100 elementor-top-column elementor-element elementor-element-f878ea8\" data-id=\"f878ea8\" data-element_type=\"column\">\n\t\t\t<div class=\"elementor-column-wrap elementor-element-populated\">\n\t\t\t\t\t\t\t<div class=\"elementor-widget-wrap\">\n\t\t\t\t\t\t<div class=\"elementor-element elementor-element-5f5d017 elementor-widget elementor-widget-spacer\" data-id=\"5f5d017\" data-element_type=\"widget\" data-widget_type=\"spacer.default\">\n\t\t\t\t<div class=\"elementor-widget-container\">\n\t\t\t\t\t<div class=\"elementor-spacer\">\n\t\t\t<div class=\"elementor-spacer-inner\"><\/div>\n\t\t<\/div>\n\t\t\t\t<\/div>\n\t\t\t\t<\/div>\n\t\t\t\t<div class=\"elementor-element elementor-element-1e75159 elementor-widget elementor-widget-image-gallery\" data-id=\"1e75159\" data-element_type=\"widget\" data-widget_type=\"image-gallery.default\">\n\t\t\t\t<div class=\"elementor-widget-container\">\n\t\t\t\t\t<div class=\"elementor-image-gallery\">\n\t\t\t<div id='gallery-1' class='gallery galleryid-2129 gallery-columns-2 gallery-size-full'><figure class='gallery-item'>\n\t\t\t<div class='gallery-icon landscape'>\n\t\t\t\t<a data-elementor-open-lightbox=\"yes\" data-elementor-lightbox-slideshow=\"1e75159\" data-elementor-lightbox-title=\"1 (Small)\" href='https:\/\/www.hotel-schafbrau.de\/wp-content\/uploads\/2020\/10\/1-Small.jpg'><img width=\"720\" height=\"480\" src=\"https:\/\/www.hotel-schafbrau.de\/wp-content\/uploads\/2020\/10\/1-Small.jpg\" class=\"attachment-full size-full\" alt=\"\" loading=\"lazy\" srcset=\"https:\/\/www.hotel-schafbrau.de\/wp-content\/uploads\/2020\/10\/1-Small.jpg 720w, https:\/\/www.hotel-schafbrau.de\/wp-content\/uploads\/2020\/10\/1-Small-300x200.jpg 300w\" sizes=\"(max-width: 720px) 100vw, 720px\" \/><\/a>\n\t\t\t<\/div><\/figure><figure class='gallery-item'>\n\t\t\t<div class='gallery-icon landscape'>\n\t\t\t\t<a data-elementor-open-lightbox=\"yes\" data-elementor-lightbox-slideshow=\"1e75159\" data-elementor-lightbox-title=\"csm_Am-Wehr-Landsberg-am-Lech_ce29b171b4 (Small) (1)\" href='https:\/\/www.hotel-schafbrau.de\/wp-content\/uploads\/2020\/10\/csm_Am-Wehr-Landsberg-am-Lech_ce29b171b4-Small-1.jpg'><img width=\"720\" height=\"480\" src=\"https:\/\/www.hotel-schafbrau.de\/wp-content\/uploads\/2020\/10\/csm_Am-Wehr-Landsberg-am-Lech_ce29b171b4-Small-1.jpg\" class=\"attachment-full size-full\" alt=\"\" loading=\"lazy\" srcset=\"https:\/\/www.hotel-schafbrau.de\/wp-content\/uploads\/2020\/10\/csm_Am-Wehr-Landsberg-am-Lech_ce29b171b4-Small-1.jpg 720w, https:\/\/www.hotel-schafbrau.de\/wp-content\/uploads\/2020\/10\/csm_Am-Wehr-Landsberg-am-Lech_ce29b171b4-Small-1-300x200.jpg 300w\" sizes=\"(max-width: 720px) 100vw, 720px\" \/><\/a>\n\t\t\t<\/div><\/figure>\n\t\t<\/div>\n\t\t<\/div>\n\t\t\t\t<\/div>\n\t\t\t\t<\/div>\n\t\t\t\t\t\t<\/div>\n\t\t\t\t\t<\/div>\n\t\t<\/div>\n\t\t\t\t\t\t\t\t<\/div>\n\t\t\t\t\t<\/div>\n\t\t<\/section>\n\t\t\t\t\t\t<\/div>\n\t\t\t\t\t\t<\/div>\n\t\t\t\t\t<\/div>","protected":false},"excerpt":{"rendered":"<p>Der Lech Der 264 km lange Fluss entspringt in Vorarlberg, flie\u00dft durch das Lechtal in Tirol und dann vorbei an den bayerischen St\u00e4dten F\u00fcssen, Schongau, Augsburg und Landsberg bis er bei Rain in die Donau m\u00fcndet. Der Lech und seine Bedeutung Der Name des Lechs wurde bereits um 8 v. Chr. von den Kelten gepr\u00e4gt. [&hellip;]<\/p>","protected":false},"author":1,"featured_media":0,"parent":1881,"menu_order":2,"comment_status":"closed","ping_status":"closed","template":"","meta":{"spay_email":""},"yoast_head":"<!-- This site is optimized with the Yoast SEO plugin v15.1.1 - https:\/\/yoast.com\/wordpress\/plugins\/seo\/ -->\n<title>Der Lech - Schafbrau Hotel and Restaurant<\/title>\n<meta name=\"robots\" content=\"index, follow, max-snippet:-1, max-image-preview:large, max-video-preview:-1\" \/>\n<link rel=\"canonical\" href=\"https:\/\/www.hotel-schafbrau.de\/en\/landsberg-und-umgebung\/der-lech\/\" \/>\n<meta property=\"og:locale\" content=\"en_GB\" \/>\n<meta property=\"og:type\" content=\"article\" \/>\n<meta property=\"og:title\" content=\"Der Lech - Schafbrau Hotel and Restaurant\" \/>\n<meta property=\"og:description\" content=\"Der Lech Der 264 km lange Fluss entspringt in Vorarlberg, flie\u00dft durch das Lechtal in Tirol und dann vorbei an den bayerischen St\u00e4dten F\u00fcssen, Schongau, Augsburg und Landsberg bis er bei Rain in die Donau m\u00fcndet. Der Lech und seine Bedeutung Der Name des Lechs wurde bereits um 8 v. Chr. von den Kelten gepr\u00e4gt. [&hellip;]\" \/>\n<meta property=\"og:url\" content=\"https:\/\/www.hotel-schafbrau.de\/en\/landsberg-und-umgebung\/der-lech\/\" \/>\n<meta property=\"og:site_name\" content=\"Schafbrau Hotel and Restaurant\" \/>\n<meta property=\"article:modified_time\" content=\"2025-12-22T20:33:52+00:00\" \/>\n<meta property=\"og:image\" content=\"https:\/\/www.hotel-schafbrau.de\/wp-content\/uploads\/2020\/10\/1-Small.jpg\" \/>\n<meta name=\"twitter:card\" content=\"summary_large_image\" \/>\n<script type=\"application\/ld+json\" class=\"yoast-schema-graph\">{\"@context\":\"https:\/\/schema.org\",\"@graph\":[{\"@type\":\"Organization\",\"@id\":\"https:\/\/www.hotel-schafbrau.de\/en\/#organization\",\"name\":\"Hotel Schafbr\\u00e4u\",\"url\":\"https:\/\/www.hotel-schafbrau.de\/en\/\",\"sameAs\":[],\"logo\":{\"@type\":\"ImageObject\",\"@id\":\"https:\/\/www.hotel-schafbrau.de\/en\/#logo\",\"inLanguage\":\"en-GB\",\"url\":\"https:\/\/www.hotel-schafbrau.de\/wp-content\/uploads\/2020\/06\/blck-Custom-2.png\",\"width\":220,\"height\":176,\"caption\":\"Hotel Schafbr\\u00e4u\"},\"image\":{\"@id\":\"https:\/\/www.hotel-schafbrau.de\/en\/#logo\"}},{\"@type\":\"WebSite\",\"@id\":\"https:\/\/www.hotel-schafbrau.de\/en\/#website\",\"url\":\"https:\/\/www.hotel-schafbrau.de\/en\/\",\"name\":\"Schafbrau Hotel and Restaurant\",\"description\":\"\",\"publisher\":{\"@id\":\"https:\/\/www.hotel-schafbrau.de\/en\/#organization\"},\"potentialAction\":[{\"@type\":\"SearchAction\",\"target\":\"https:\/\/www.hotel-schafbrau.de\/en\/?s={search_term_string}\",\"query-input\":\"required name=search_term_string\"}],\"inLanguage\":\"en-GB\"},{\"@type\":\"ImageObject\",\"@id\":\"https:\/\/www.hotel-schafbrau.de\/landsberg-und-umgebung\/der-lech\/#primaryimage\",\"inLanguage\":\"en-GB\",\"url\":\"https:\/\/www.hotel-schafbrau.de\/wp-content\/uploads\/2020\/10\/1-Small.jpg\",\"width\":720,\"height\":480},{\"@type\":\"WebPage\",\"@id\":\"https:\/\/www.hotel-schafbrau.de\/landsberg-und-umgebung\/der-lech\/#webpage\",\"url\":\"https:\/\/www.hotel-schafbrau.de\/landsberg-und-umgebung\/der-lech\/\",\"name\":\"Der Lech - Schafbrau Hotel and Restaurant\",\"isPartOf\":{\"@id\":\"https:\/\/www.hotel-schafbrau.de\/en\/#website\"},\"primaryImageOfPage\":{\"@id\":\"https:\/\/www.hotel-schafbrau.de\/landsberg-und-umgebung\/der-lech\/#primaryimage\"},\"datePublished\":\"2020-07-15T09:00:29+00:00\",\"dateModified\":\"2025-12-22T20:33:52+00:00\",\"inLanguage\":\"en-GB\",\"potentialAction\":[{\"@type\":\"ReadAction\",\"target\":[\"https:\/\/www.hotel-schafbrau.de\/landsberg-und-umgebung\/der-lech\/\"]}]}]}<\/script>\n<!-- \/ Yoast SEO plugin. -->","_links":{"self":[{"href":"https:\/\/www.hotel-schafbrau.de\/en\/wp-json\/wp\/v2\/pages\/2129"}],"collection":[{"href":"https:\/\/www.hotel-schafbrau.de\/en\/wp-json\/wp\/v2\/pages"}],"about":[{"href":"https:\/\/www.hotel-schafbrau.de\/en\/wp-json\/wp\/v2\/types\/page"}],"author":[{"embeddable":true,"href":"https:\/\/www.hotel-schafbrau.de\/en\/wp-json\/wp\/v2\/users\/1"}],"replies":[{"embeddable":true,"href":"https:\/\/www.hotel-schafbrau.de\/en\/wp-json\/wp\/v2\/comments?post=2129"}],"version-history":[{"count":11,"href":"https:\/\/www.hotel-schafbrau.de\/en\/wp-json\/wp\/v2\/pages\/2129\/revisions"}],"predecessor-version":[{"id":2505,"href":"https:\/\/www.hotel-schafbrau.de\/en\/wp-json\/wp\/v2\/pages\/2129\/revisions\/2505"}],"up":[{"embeddable":true,"href":"https:\/\/www.hotel-schafbrau.de\/en\/wp-json\/wp\/v2\/pages\/1881"}],"wp:attachment":[{"href":"https:\/\/www.hotel-schafbrau.de\/en\/wp-json\/wp\/v2\/media?parent=2129"}],"curies":[{"name":"wp","href":"https:\/\/api.w.org\/{rel}","templated":true}]}}